{"id":97,"date":"2015-02-05T15:25:09","date_gmt":"2015-02-05T15:25:09","guid":{"rendered":"http:\/\/www.gzhkt.de\/wordpress\/?page_id=97"},"modified":"2018-10-23T20:07:00","modified_gmt":"2018-10-23T20:07:00","slug":"bilder-von-der-klosteranlage","status":"publish","type":"page","link":"https:\/\/www.gzhkt.de\/?page_id=97","title":{"rendered":"Bilder von der Klosteranlage"},"content":{"rendered":"<figure id=\"attachment_241\" aria-describedby=\"caption-attachment-241\" style=\"width: 300px\" class=\"wp-caption aligncenter\"><a href=\"https:\/\/www.gzhkt.de\/wordpress\/wp-content\/uploads\/2015\/02\/Blick-aufs-M\u00fcnster-vom-Engelgarten-Okt-2013-FILEminimizer.jpg\"><img loading=\"lazy\" decoding=\"async\" class=\"wp-image-241 size-medium\" src=\"https:\/\/www.gzhkt.de\/wordpress\/wp-content\/uploads\/2015\/02\/Blick-aufs-M\u00fcnster-vom-Engelgarten-Okt-2013-FILEminimizer-300x199.jpg\" alt=\"Blick aufs M\u00fcnster vom Engelgarten Okt 2013 (FILEminimizer)\" width=\"300\" height=\"199\" srcset=\"https:\/\/www.gzhkt.de\/wordpress\/wp-content\/uploads\/2015\/02\/Blick-aufs-M\u00fcnster-vom-Engelgarten-Okt-2013-FILEminimizer-300x199.jpg 300w, https:\/\/www.gzhkt.de\/wordpress\/wp-content\/uploads\/2015\/02\/Blick-aufs-M\u00fcnster-vom-Engelgarten-Okt-2013-FILEminimizer.jpg 723w\" sizes=\"auto, (max-width: 300px) 100vw, 300px\" \/><\/a><figcaption id=\"caption-attachment-241\" class=\"wp-caption-text\">Blick vom Klosterinnenhof &#8211; dem Engelgarten &#8211; auf das M\u00fcnster<\/figcaption><\/figure>\n<figure id=\"attachment_328\" aria-describedby=\"caption-attachment-328\" style=\"width: 300px\" class=\"wp-caption alignleft\"><a href=\"https:\/\/www.gzhkt.de\/wordpress\/wp-content\/uploads\/2015\/02\/Chorgest\u00fch\u00f6-mit-rotem-Lichtkegel-Lightroom.jpg\"><img loading=\"lazy\" decoding=\"async\" class=\"wp-image-328 size-medium\" src=\"https:\/\/www.gzhkt.de\/wordpress\/wp-content\/uploads\/2015\/02\/Chorgest\u00fch\u00f6-mit-rotem-Lichtkegel-Lightroom-300x203.jpg\" alt=\"Chorgest\u00fch\u00f6 mit rotem Lichtkegel Lightroom\" width=\"300\" height=\"203\" srcset=\"https:\/\/www.gzhkt.de\/wordpress\/wp-content\/uploads\/2015\/02\/Chorgest\u00fch\u00f6-mit-rotem-Lichtkegel-Lightroom-300x203.jpg 300w, https:\/\/www.gzhkt.de\/wordpress\/wp-content\/uploads\/2015\/02\/Chorgest\u00fch\u00f6-mit-rotem-Lichtkegel-Lightroom-1024x692.jpg 1024w\" sizes=\"auto, (max-width: 300px) 100vw, 300px\" \/><\/a><figcaption id=\"caption-attachment-328\" class=\"wp-caption-text\">500 Jahre altes Chorgest\u00fchl im Morgenlicht<\/figcaption><\/figure>\n<p>&nbsp;<\/p>\n<figure id=\"attachment_327\" aria-describedby=\"caption-attachment-327\" style=\"width: 300px\" class=\"wp-caption alignleft\"><a href=\"https:\/\/www.gzhkt.de\/wordpress\/wp-content\/uploads\/2015\/02\/Lichtdurchbruch-am-Labyrinth-Lightroom.jpg\"><img loading=\"lazy\" decoding=\"async\" class=\"wp-image-327 size-medium\" src=\"https:\/\/www.gzhkt.de\/wordpress\/wp-content\/uploads\/2015\/02\/Lichtdurchbruch-am-Labyrinth-Lightroom-300x200.jpg\" alt=\"Lichtdurchbruch am Labyrinth Lightroom\" width=\"300\" height=\"200\" srcset=\"https:\/\/www.gzhkt.de\/wordpress\/wp-content\/uploads\/2015\/02\/Lichtdurchbruch-am-Labyrinth-Lightroom-300x200.jpg 300w, https:\/\/www.gzhkt.de\/wordpress\/wp-content\/uploads\/2015\/02\/Lichtdurchbruch-am-Labyrinth-Lightroom-1024x683.jpg 1024w\" sizes=\"auto, (max-width: 300px) 100vw, 300px\" \/><\/a><figcaption id=\"caption-attachment-327\" class=\"wp-caption-text\">Beim Labyrinth<\/figcaption><\/figure>\n<p>&nbsp;<\/p>\n<figure id=\"attachment_325\" aria-describedby=\"caption-attachment-325\" style=\"width: 300px\" class=\"wp-caption alignleft\"><a href=\"https:\/\/www.gzhkt.de\/wordpress\/wp-content\/uploads\/2015\/02\/mystisch-rotes-Licht-Ostfenster-Lightroom.jpg\"><img loading=\"lazy\" decoding=\"async\" class=\"wp-image-325 size-medium\" src=\"https:\/\/www.gzhkt.de\/wordpress\/wp-content\/uploads\/2015\/02\/mystisch-rotes-Licht-Ostfenster-Lightroom-300x197.jpg\" alt=\"mystisch rotes Licht Ostfenster Lightroom\" width=\"300\" height=\"197\" srcset=\"https:\/\/www.gzhkt.de\/wordpress\/wp-content\/uploads\/2015\/02\/mystisch-rotes-Licht-Ostfenster-Lightroom-300x197.jpg 300w, https:\/\/www.gzhkt.de\/wordpress\/wp-content\/uploads\/2015\/02\/mystisch-rotes-Licht-Ostfenster-Lightroom-1024x671.jpg 1024w\" sizes=\"auto, (max-width: 300px) 100vw, 300px\" \/><\/a><figcaption id=\"caption-attachment-325\" class=\"wp-caption-text\">Morgensonne durch das 700 Jahre alte Chorfenster<\/figcaption><\/figure>\n<p>&nbsp;<\/p>\n<figure id=\"attachment_310\" aria-describedby=\"caption-attachment-310\" style=\"width: 300px\" class=\"wp-caption alignleft\"><a href=\"https:\/\/www.gzhkt.de\/wordpress\/wp-content\/uploads\/2015\/02\/Blick-auf-den-Pfarrgarten-Ende-Mai-2018.jpg\"><img loading=\"lazy\" decoding=\"async\" class=\"wp-image-310 size-medium\" src=\"https:\/\/www.gzhkt.de\/wordpress\/wp-content\/uploads\/2015\/02\/Blick-auf-den-Pfarrgarten-Ende-Mai-2018-300x208.jpg\" alt=\"Blick auf den Pfarrgarten Ende Mai 2018\" width=\"300\" height=\"208\" srcset=\"https:\/\/www.gzhkt.de\/wordpress\/wp-content\/uploads\/2015\/02\/Blick-auf-den-Pfarrgarten-Ende-Mai-2018-300x208.jpg 300w, https:\/\/www.gzhkt.de\/wordpress\/wp-content\/uploads\/2015\/02\/Blick-auf-den-Pfarrgarten-Ende-Mai-2018-1024x708.jpg 1024w\" sizes=\"auto, (max-width: 300px) 100vw, 300px\" \/><\/a><figcaption id=\"caption-attachment-310\" class=\"wp-caption-text\">Blick in den bl\u00fchenden Pfarrgarten<\/figcaption><\/figure>\n<figure id=\"attachment_326\" aria-describedby=\"caption-attachment-326\" style=\"width: 300px\" class=\"wp-caption alignleft\"><a href=\"https:\/\/www.gzhkt.de\/wordpress\/wp-content\/uploads\/2015\/02\/Abendstille-am-M\u00fchlweiher-Weihnachtejn-2015-Lightroom.jpg\"><img loading=\"lazy\" decoding=\"async\" class=\"wp-image-326 size-medium\" src=\"https:\/\/www.gzhkt.de\/wordpress\/wp-content\/uploads\/2015\/02\/Abendstille-am-M\u00fchlweiher-Weihnachtejn-2015-Lightroom-300x200.jpg\" alt=\"Abendstille am M\u00fchlweiher Weihnachtejn 2015 Lightroom\" width=\"300\" height=\"200\" srcset=\"https:\/\/www.gzhkt.de\/wordpress\/wp-content\/uploads\/2015\/02\/Abendstille-am-M\u00fchlweiher-Weihnachtejn-2015-Lightroom-300x200.jpg 300w, https:\/\/www.gzhkt.de\/wordpress\/wp-content\/uploads\/2015\/02\/Abendstille-am-M\u00fchlweiher-Weihnachtejn-2015-Lightroom-1024x683.jpg 1024w\" sizes=\"auto, (max-width: 300px) 100vw, 300px\" \/><\/a><figcaption id=\"caption-attachment-326\" class=\"wp-caption-text\">Am Dorfweiher<\/figcaption><\/figure>\n<p>&nbsp;<\/p>\n<figure id=\"attachment_243\" aria-describedby=\"caption-attachment-243\" style=\"width: 300px\" class=\"wp-caption aligncenter\"><a href=\"https:\/\/www.gzhkt.de\/wordpress\/wp-content\/uploads\/2015\/02\/Blick-auf-Klosterweiher-mit-ausgebessertem-Weiherh\u00e4uschen-Juli-2013-FILEminimizer.jpg\"><img loading=\"lazy\" decoding=\"async\" class=\"wp-image-243 size-medium\" src=\"https:\/\/www.gzhkt.de\/wordpress\/wp-content\/uploads\/2015\/02\/Blick-auf-Klosterweiher-mit-ausgebessertem-Weiherh\u00e4uschen-Juli-2013-FILEminimizer-300x194.jpg\" alt=\"Blick auf Klosterweiher mit ausgebessertem Weiherh\u00e4uschen Juli 2013 (FILEminimizer)\" width=\"300\" height=\"194\" srcset=\"https:\/\/www.gzhkt.de\/wordpress\/wp-content\/uploads\/2015\/02\/Blick-auf-Klosterweiher-mit-ausgebessertem-Weiherh\u00e4uschen-Juli-2013-FILEminimizer-300x194.jpg 300w, https:\/\/www.gzhkt.de\/wordpress\/wp-content\/uploads\/2015\/02\/Blick-auf-Klosterweiher-mit-ausgebessertem-Weiherh\u00e4uschen-Juli-2013-FILEminimizer.jpg 741w\" sizes=\"auto, (max-width: 300px) 100vw, 300px\" \/><\/a><figcaption id=\"caption-attachment-243\" class=\"wp-caption-text\">Klosterweiher mit Pavillioninsel<\/figcaption><\/figure>\n<figure id=\"attachment_312\" aria-describedby=\"caption-attachment-312\" style=\"width: 300px\" class=\"wp-caption alignleft\"><a href=\"https:\/\/www.gzhkt.de\/wordpress\/wp-content\/uploads\/2015\/02\/bl\u00fchende-Rosenb\u00f6gen-II-Juni-2018.jpg\"><img loading=\"lazy\" decoding=\"async\" class=\"wp-image-312 size-medium\" src=\"https:\/\/www.gzhkt.de\/wordpress\/wp-content\/uploads\/2015\/02\/bl\u00fchende-Rosenb\u00f6gen-II-Juni-2018-300x200.jpg\" alt=\"bl\u00fchende Rosenb\u00f6gen II Juni 2018\" width=\"300\" height=\"200\" srcset=\"https:\/\/www.gzhkt.de\/wordpress\/wp-content\/uploads\/2015\/02\/bl\u00fchende-Rosenb\u00f6gen-II-Juni-2018-300x200.jpg 300w, https:\/\/www.gzhkt.de\/wordpress\/wp-content\/uploads\/2015\/02\/bl\u00fchende-Rosenb\u00f6gen-II-Juni-2018-1024x683.jpg 1024w\" sizes=\"auto, (max-width: 300px) 100vw, 300px\" \/><\/a><figcaption id=\"caption-attachment-312\" class=\"wp-caption-text\">Bl\u00fchende Rosenb\u00f6gen im Pfarrgarten<\/figcaption><\/figure>\n<figure id=\"attachment_315\" aria-describedby=\"caption-attachment-315\" style=\"width: 300px\" class=\"wp-caption alignleft\"><a href=\"https:\/\/www.gzhkt.de\/wordpress\/wp-content\/uploads\/2015\/02\/Bl\u00fchender-Kr\u00e4utergarten-Juni-2018.jpg\"><img loading=\"lazy\" decoding=\"async\" class=\"wp-image-315 size-medium\" src=\"https:\/\/www.gzhkt.de\/wordpress\/wp-content\/uploads\/2015\/02\/Bl\u00fchender-Kr\u00e4utergarten-Juni-2018-300x200.jpg\" alt=\"Bl\u00fchender Kr\u00e4utergarten Juni 2018\" width=\"300\" height=\"200\" srcset=\"https:\/\/www.gzhkt.de\/wordpress\/wp-content\/uploads\/2015\/02\/Bl\u00fchender-Kr\u00e4utergarten-Juni-2018-300x200.jpg 300w, https:\/\/www.gzhkt.de\/wordpress\/wp-content\/uploads\/2015\/02\/Bl\u00fchender-Kr\u00e4utergarten-Juni-2018-1024x683.jpg 1024w\" sizes=\"auto, (max-width: 300px) 100vw, 300px\" \/><\/a><figcaption id=\"caption-attachment-315\" class=\"wp-caption-text\">Klostergarten im Juni<\/figcaption><\/figure>\n<p>&nbsp;<\/p>\n<figure id=\"attachment_242\" aria-describedby=\"caption-attachment-242\" style=\"width: 300px\" class=\"wp-caption alignleft\"><a href=\"https:\/\/www.gzhkt.de\/wordpress\/wp-content\/uploads\/2015\/02\/Wintertraumtag-Dez-2012-Ecke-Herrenhausgarten-im-Schnee-und-Morgensonne-FILEminimizer.jpg\"><img loading=\"lazy\" decoding=\"async\" class=\"wp-image-242 size-medium\" src=\"https:\/\/www.gzhkt.de\/wordpress\/wp-content\/uploads\/2015\/02\/Wintertraumtag-Dez-2012-Ecke-Herrenhausgarten-im-Schnee-und-Morgensonne-FILEminimizer-300x200.jpg\" alt=\"Wintertraumtag Dez 2012 Ecke Herrenhausgarten im Schnee und Morgensonne (FILEminimizer)\" width=\"300\" height=\"200\" srcset=\"https:\/\/www.gzhkt.de\/wordpress\/wp-content\/uploads\/2015\/02\/Wintertraumtag-Dez-2012-Ecke-Herrenhausgarten-im-Schnee-und-Morgensonne-FILEminimizer-300x200.jpg 300w, https:\/\/www.gzhkt.de\/wordpress\/wp-content\/uploads\/2015\/02\/Wintertraumtag-Dez-2012-Ecke-Herrenhausgarten-im-Schnee-und-Morgensonne-FILEminimizer.jpg 721w\" sizes=\"auto, (max-width: 300px) 100vw, 300px\" \/><\/a><figcaption id=\"caption-attachment-242\" class=\"wp-caption-text\">Innenklausurmauer im Winter<\/figcaption><\/figure>\n<p>&nbsp;<\/p>\n<figure id=\"attachment_238\" aria-describedby=\"caption-attachment-238\" style=\"width: 300px\" class=\"wp-caption alignleft\"><a href=\"https:\/\/www.gzhkt.de\/wordpress\/wp-content\/uploads\/2015\/02\/Blick-aufs-M\u00fcnster-\u00fcber-Felder-n\u00e4her-am-6-Juni-2016-FILEminimizer.jpg\"><img loading=\"lazy\" decoding=\"async\" class=\"wp-image-238 size-medium\" src=\"https:\/\/www.gzhkt.de\/wordpress\/wp-content\/uploads\/2015\/02\/Blick-aufs-M\u00fcnster-\u00fcber-Felder-n\u00e4her-am-6-Juni-2016-FILEminimizer-300x200.jpg\" alt=\"Blick aufs M\u00fcnster \u00fcber Felder n\u00e4her am 6 Juni 2016 (FILEminimizer)\" width=\"300\" height=\"200\" srcset=\"https:\/\/www.gzhkt.de\/wordpress\/wp-content\/uploads\/2015\/02\/Blick-aufs-M\u00fcnster-\u00fcber-Felder-n\u00e4her-am-6-Juni-2016-FILEminimizer-300x200.jpg 300w, https:\/\/www.gzhkt.de\/wordpress\/wp-content\/uploads\/2015\/02\/Blick-aufs-M\u00fcnster-\u00fcber-Felder-n\u00e4her-am-6-Juni-2016-FILEminimizer.jpg 719w\" sizes=\"auto, (max-width: 300px) 100vw, 300px\" \/><\/a><figcaption id=\"caption-attachment-238\" class=\"wp-caption-text\">Blick auf das M\u00fcnster vom Osten Juni 2016<\/figcaption><\/figure>\n<figure id=\"attachment_239\" aria-describedby=\"caption-attachment-239\" style=\"width: 300px\" class=\"wp-caption alignleft\"><a href=\"https:\/\/www.gzhkt.de\/wordpress\/wp-content\/uploads\/2015\/02\/Visionenweg-29-Juni-2016-vom-Turm-bis-zur-offenen-T\u00fcr-FILEminimizer.jpg\"><img loading=\"lazy\" decoding=\"async\" class=\"wp-image-239 size-medium\" src=\"https:\/\/www.gzhkt.de\/wordpress\/wp-content\/uploads\/2015\/02\/Visionenweg-29-Juni-2016-vom-Turm-bis-zur-offenen-T\u00fcr-FILEminimizer-300x191.jpg\" alt=\"Visionenweg 29 Juni 2016 vom Turm bis zur offenen T\u00fcr (FILEminimizer)\" width=\"300\" height=\"191\" srcset=\"https:\/\/www.gzhkt.de\/wordpress\/wp-content\/uploads\/2015\/02\/Visionenweg-29-Juni-2016-vom-Turm-bis-zur-offenen-T\u00fcr-FILEminimizer-300x191.jpg 300w, https:\/\/www.gzhkt.de\/wordpress\/wp-content\/uploads\/2015\/02\/Visionenweg-29-Juni-2016-vom-Turm-bis-zur-offenen-T\u00fcr-FILEminimizer.jpg 753w\" sizes=\"auto, (max-width: 300px) 100vw, 300px\" \/><\/a><figcaption id=\"caption-attachment-239\" class=\"wp-caption-text\">Bruder-Klaus-Visionenweg<\/figcaption><\/figure>\n<figure id=\"attachment_240\" aria-describedby=\"caption-attachment-240\" style=\"width: 300px\" class=\"wp-caption aligncenter\"><a href=\"https:\/\/www.gzhkt.de\/wordpress\/wp-content\/uploads\/2015\/02\/Labyrinth-im-fr\u00fchen-Rauhreif-IIII-Febr-2015-FILEminimizer.jpg\"><img loading=\"lazy\" decoding=\"async\" class=\"wp-image-240 size-medium\" src=\"https:\/\/www.gzhkt.de\/wordpress\/wp-content\/uploads\/2015\/02\/Labyrinth-im-fr\u00fchen-Rauhreif-IIII-Febr-2015-FILEminimizer-300x200.jpg\" alt=\"Labyrinth im fr\u00fchen Rauhreif IIII Febr 2015 (FILEminimizer)\" width=\"300\" height=\"200\" srcset=\"https:\/\/www.gzhkt.de\/wordpress\/wp-content\/uploads\/2015\/02\/Labyrinth-im-fr\u00fchen-Rauhreif-IIII-Febr-2015-FILEminimizer-300x200.jpg 300w, https:\/\/www.gzhkt.de\/wordpress\/wp-content\/uploads\/2015\/02\/Labyrinth-im-fr\u00fchen-Rauhreif-IIII-Febr-2015-FILEminimizer.jpg 720w\" sizes=\"auto, (max-width: 300px) 100vw, 300px\" \/><\/a><figcaption id=\"caption-attachment-240\" class=\"wp-caption-text\">Labyrinth im Rauhreif<\/figcaption><\/figure>\n<p>&nbsp;<\/p>\n<figure id=\"attachment_227\" aria-describedby=\"caption-attachment-227\" style=\"width: 300px\" class=\"wp-caption aligncenter\"><a href=\"https:\/\/www.gzhkt.de\/wordpress\/wp-content\/uploads\/2015\/02\/Kloster-Luftaufnahme-von-Osten-Juli-2016.jpg\"><img loading=\"lazy\" decoding=\"async\" class=\"wp-image-227 size-medium\" src=\"https:\/\/www.gzhkt.de\/wordpress\/wp-content\/uploads\/2015\/02\/Kloster-Luftaufnahme-von-Osten-Juli-2016-300x197.jpg\" alt=\"DCIM100MEDIADJI_0011.JPG\" width=\"300\" height=\"197\" srcset=\"https:\/\/www.gzhkt.de\/wordpress\/wp-content\/uploads\/2015\/02\/Kloster-Luftaufnahme-von-Osten-Juli-2016-300x197.jpg 300w, https:\/\/www.gzhkt.de\/wordpress\/wp-content\/uploads\/2015\/02\/Kloster-Luftaufnahme-von-Osten-Juli-2016-1024x673.jpg 1024w\" sizes=\"auto, (max-width: 300px) 100vw, 300px\" \/><\/a><figcaption id=\"caption-attachment-227\" class=\"wp-caption-text\">Luftbildaufnahme der Klosteranlage von Osten her<\/figcaption><\/figure>\n<p>&nbsp;<\/p>\n<figure id=\"attachment_230\" aria-describedby=\"caption-attachment-230\" style=\"width: 300px\" class=\"wp-caption aligncenter\"><a href=\"https:\/\/www.gzhkt.de\/wordpress\/wp-content\/uploads\/2015\/02\/Kloster-Luftaufnahme-von-Nordnordwesten-Juli-2016.jpg\"><img loading=\"lazy\" decoding=\"async\" class=\"wp-image-230 size-medium\" src=\"https:\/\/www.gzhkt.de\/wordpress\/wp-content\/uploads\/2015\/02\/Kloster-Luftaufnahme-von-Nordnordwesten-Juli-2016-300x170.jpg\" alt=\"Kloster Luftaufnahme von Nordnordwesten Juli 2016\" width=\"300\" height=\"170\" srcset=\"https:\/\/www.gzhkt.de\/wordpress\/wp-content\/uploads\/2015\/02\/Kloster-Luftaufnahme-von-Nordnordwesten-Juli-2016-300x170.jpg 300w, https:\/\/www.gzhkt.de\/wordpress\/wp-content\/uploads\/2015\/02\/Kloster-Luftaufnahme-von-Nordnordwesten-Juli-2016-1024x580.jpg 1024w, https:\/\/www.gzhkt.de\/wordpress\/wp-content\/uploads\/2015\/02\/Kloster-Luftaufnahme-von-Nordnordwesten-Juli-2016.jpg 1258w\" sizes=\"auto, (max-width: 300px) 100vw, 300px\" \/><\/a><figcaption id=\"caption-attachment-230\" class=\"wp-caption-text\">Kloster Luftaufnahme von Nordnordwesten Juli 2016<\/figcaption><\/figure>\n<p>&nbsp;<\/p>\n<p>&nbsp;<\/p>\n","protected":false},"excerpt":{"rendered":"<p>&nbsp; &nbsp; &nbsp; &nbsp; &nbsp; &nbsp; &nbsp; &nbsp; &nbsp; &nbsp;<\/p>\n","protected":false},"author":1063,"featured_media":0,"parent":0,"menu_order":0,"comment_status":"closed","ping_status":"closed","template":"","meta":{"footnotes":""},"class_list":["post-97","page","type-page","status-publish","hentry"],"_links":{"self":[{"href":"https:\/\/www.gzhkt.de\/index.php?rest_route=\/wp\/v2\/pages\/97","targetHints":{"allow":["GET"]}}],"collection":[{"href":"https:\/\/www.gzhkt.de\/index.php?rest_route=\/wp\/v2\/pages"}],"about":[{"href":"https:\/\/www.gzhkt.de\/index.php?rest_route=\/wp\/v2\/types\/page"}],"author":[{"embeddable":true,"href":"https:\/\/www.gzhkt.de\/index.php?rest_route=\/wp\/v2\/users\/1063"}],"replies":[{"embeddable":true,"href":"https:\/\/www.gzhkt.de\/index.php?rest_route=%2Fwp%2Fv2%2Fcomments&post=97"}],"version-history":[{"count":10,"href":"https:\/\/www.gzhkt.de\/index.php?rest_route=\/wp\/v2\/pages\/97\/revisions"}],"predecessor-version":[{"id":329,"href":"https:\/\/www.gzhkt.de\/index.php?rest_route=\/wp\/v2\/pages\/97\/revisions\/329"}],"wp:attachment":[{"href":"https:\/\/www.gzhkt.de\/index.php?rest_route=%2Fwp%2Fv2%2Fmedia&parent=97"}],"curies":[{"name":"wp","href":"https:\/\/api.w.org\/{rel}","templated":true}]}}