{"id":7,"date":"2015-02-02T14:57:16","date_gmt":"2015-02-02T14:57:16","guid":{"rendered":"http:\/\/www.gzhkt.de\/wordpress\/?page_id=7"},"modified":"2025-05-19T18:15:03","modified_gmt":"2025-05-19T16:15:03","slug":"startseite","status":"publish","type":"page","link":"https:\/\/www.gzhkt.de\/?page_id=7","title":{"rendered":"Home"},"content":{"rendered":"<p><span style=\"color: #7a3a01;\">Willkommen\u00a0auf der\u00a0Homepage<br \/>\n<strong>GEISTLICHES ZENTRUM <\/strong><strong>KLOSTER HEILIGKREUZTAL<\/strong><br \/>\nAm M\u00fcnster 10 &#8211; 88499 Heiligkreuztal<\/span><\/p>\n<p><span style=\"color: #ff0000;\"><strong>Die Sonntagspredigten und die\u00a0 geistlichen Impulse am Dienstag und Donnerstagabend <\/strong><span style=\"color: #333333;\">von Pfr. Burkard k\u00f6nnen Sie nach<\/span><\/span><span style=\"color: #ff0000;\"><span style=\"color: #333333;\">h\u00f6ren <\/span><\/span>unter:\u00a0\u00a0<span style=\"text-decoration: underline;\"><span style=\"color: #0066cc;\"><a href=\"https:\/\/www.podcast.de\/podcast\/2620058\/geistliches-zentrum-kloster-heiligkreuztal\">https:\/\/www.podcast.de\/podcast\/2620058\/geistliches-zentrum-kloster-heiligkreuztal<\/a><\/span><\/span><\/p>\n<p><strong><span style=\"color: #ff0000;\">\u00a0Auf der Seite <a href=\"https:\/\/www.gzhkt.de\/?page_id=684\" target=\"_blank\" rel=\"noopener\">VERBUM DOMINI \u00a0<\/a><\/span><\/strong><strong><span style=\"color: #ff0000;\">sind die aktuellen Sonntagsevangelien in eigener \u00dcbersetzung zum Lesen, Anh\u00f6ren und Herunterladen zu finden<\/span><\/strong><\/p>\n<p><strong><span style=\"color: #7a5201;\">Ruhe\u00a0 &#8211;\u00a0 Aufatmen &#8211; Inspiration<\/span><\/strong><\/p>\n<p>Das Geistliche Zentrum Kloster Heiligkreuztal m\u00f6chte<br \/>\ndie geistliche Dimension des ehemaligen Zisterzienserinnen &#8211; Klosters<br \/>\nwach halten und gestalten durch:<\/p>\n<ul>\n<li><span style=\"color: #333399;\">ein <strong>differenziertes Gottesdienstangebot<\/strong>,<\/span><\/li>\n<li><span style=\"color: #333399;\"><strong>spirituelle Angebote<\/strong> f\u00fcr Einzelne, wie f\u00fcr Gruppen.<\/span><\/li>\n<li><span style=\"color: #333399;\"><strong>geistliche Impulse<\/strong>, <strong>F\u00fchrungen<\/strong> und <strong>seelsorgliche Gespr\u00e4che<\/strong>.<\/span><\/li>\n<\/ul>\n<pre><span style=\"color: #7a5201;\">Auf der hier\u00a0\u00fcber 600 Jahre gelebten \"schola caritatis\" aufbauend<\/span> <span style=\"color: #7a5201;\">sollen Sie die Gottes, - Menschen,- und Sch\u00f6pfungsliebe <\/span><span style=\"color: #7a5201;\">neu entdecken und leben k\u00f6nnen.\n\n<\/span><span style=\"color: #7a5201;\"><strong><span style=\"color: #ff0000;\">Dazu dienen f\u00fcnf Grundausrichtungen:<\/span><\/strong>\n <\/span><span style=\"color: #7a5201;\">I - <strong><span style=\"color: #800080;\">Leben in der Gegenwart Gottes <\/span><\/strong>und in der Begegnung mit ihm,\n deshalb soll dem Gotteslob (Eucharistie und Tagzeitengebet)\n nichts vorgezogen werden.<\/span>\n <span style=\"color: #7a5201;\">II - <strong><span style=\"color: #800080;\">Mit ganzem Herzen Jesus Christus<\/span><\/strong> suchen,\n sich lebenslang in die Wahrheit vertiefen, die ER ist\n und sich zu seinem Kreuz bekennen.\n <\/span><span style=\"color: #7a5201;\">III - <strong><span style=\"color: #800080;\">Leben unter der F\u00fchrung des Evangeliums<\/span><\/strong>:\n es geht zuerst um das Reich Gottes und seiner Gerechtigkeit\n und darum, in der\u00a0Nachfolge Jesu Christi zu leben:\n das hei\u00dft J\u00fcnger sein und J\u00fcnger machen.\n <\/span><span style=\"color: #7a5201;\">IV - \"ORA - LEGE et LABORA\"\u00a0 = \"<strong><span style=\"color: #800080;\">Bete - lies und arbeite<\/span><\/strong>!\"\n Wenn Gebet, geistliche Lesung und Arbeit sich gegenseitig durchdringen\n gereichen sie uns immer zum Guten.\n <\/span><span style=\"color: #7a5201;\">V - \u00a0<strong><span style=\"color: #800080;\">Leben im Horizont des offenen Himmels<\/span><\/strong>,\n in der Erwartung der Widerkunft Christi,\n mit Blick auf den eigenen Tod\n und in der Anbetungs- und F\u00fcrbittegemeinschaft der Heiligen. <\/span><\/pre>\n<p>Das <strong><span style=\"color: #ff0000;\">B\u00fcro<\/span><\/strong> des Geistlichen Zentrums ist in der Regel besetzt:<br \/>\nam Freitagmorgen zwischen 8.30 &#8211; 11.30 h<\/p>\n<p><strong>NEUE KONTONUMMER des Geistlichen Zentrums:<\/strong><br \/>\n<strong>\u00fcber: Stefanus-Gemeinschaft e.V. Kloster Heiligkreuztal<\/strong><br \/>\n<strong>Stichwort: &#8222;\u00dcberweisung f\u00fcr das Geistliche Zentrum&#8220;<\/strong><br \/>\n<strong>IBAN: DE37 6509 3020 0532 2350 02\u00a0 GENODES1SLG<\/strong><br \/>\n<strong>VR-Bank Donau-Oberschwaben eG<\/strong><\/p>\n<p><strong>Ihre <span style=\"color: #ff0000;\">Anfragen<\/span> \/ W\u00fcnsche senden Sie<\/strong> bitte an: info@gzhkt.de<br \/>\nin pers\u00f6nlichen Anliegen an: hmburkard@gzhkt.de<\/p>\n<p><em>Das Geistliche Zentrum Kloster Heiligkreuztal ist ein Einrichtung der<\/em><\/p>\n<p><img loading=\"lazy\" decoding=\"async\" class=\"alignleft wp-image-146\" src=\"https:\/\/www.gzhkt.de\/wordpress\/wp-content\/uploads\/2015\/02\/Logo-DRS-farbig-Office-Di\u00f6zese-grau1-300x132.jpg\" alt=\"Logo-DRS farbig-Office Di\u00f6zese grau\" width=\"200\" height=\"88\" srcset=\"https:\/\/www.gzhkt.de\/wordpress\/wp-content\/uploads\/2015\/02\/Logo-DRS-farbig-Office-Di\u00f6zese-grau1-300x132.jpg 300w, https:\/\/www.gzhkt.de\/wordpress\/wp-content\/uploads\/2015\/02\/Logo-DRS-farbig-Office-Di\u00f6zese-grau1.jpg 591w\" sizes=\"auto, (max-width: 200px) 100vw, 200px\" \/><\/p>\n","protected":false},"excerpt":{"rendered":"<p>Willkommen\u00a0auf der\u00a0Homepage GEISTLICHES ZENTRUM KLOSTER HEILIGKREUZTAL Am M\u00fcnster 10 &#8211; 88499 Heiligkreuztal Die Sonntagspredigten und die\u00a0 geistlichen Impulse am Dienstag und Donnerstagabend von Pfr. Burkard k\u00f6nnen Sie nachh\u00f6ren unter:\u00a0\u00a0https:\/\/www.podcast.de\/podcast\/2620058\/geistliches-zentrum-kloster-heiligkreuztal \u00a0Auf der Seite VERBUM DOMINI \u00a0sind die aktuellen Sonntagsevangelien in eigener \u00dcbersetzung zum Lesen, Anh\u00f6ren und Herunterladen zu finden Ruhe\u00a0 &#8211;\u00a0 Aufatmen &#8211; Inspiration Das Geistliche &hellip; <a href=\"https:\/\/www.gzhkt.de\/?page_id=7\" class=\"more-link\"><span class=\"screen-reader-text\">Home<\/span> weiterlesen<\/a><\/p>\n","protected":false},"author":1063,"featured_media":0,"parent":0,"menu_order":0,"comment_status":"closed","ping_status":"closed","template":"","meta":{"footnotes":""},"class_list":["post-7","page","type-page","status-publish","hentry"],"_links":{"self":[{"href":"https:\/\/www.gzhkt.de\/index.php?rest_route=\/wp\/v2\/pages\/7","targetHints":{"allow":["GET"]}}],"collection":[{"href":"https:\/\/www.gzhkt.de\/index.php?rest_route=\/wp\/v2\/pages"}],"about":[{"href":"https:\/\/www.gzhkt.de\/index.php?rest_route=\/wp\/v2\/types\/page"}],"author":[{"embeddable":true,"href":"https:\/\/www.gzhkt.de\/index.php?rest_route=\/wp\/v2\/users\/1063"}],"replies":[{"embeddable":true,"href":"https:\/\/www.gzhkt.de\/index.php?rest_route=%2Fwp%2Fv2%2Fcomments&post=7"}],"version-history":[{"count":78,"href":"https:\/\/www.gzhkt.de\/index.php?rest_route=\/wp\/v2\/pages\/7\/revisions"}],"predecessor-version":[{"id":1127,"href":"https:\/\/www.gzhkt.de\/index.php?rest_route=\/wp\/v2\/pages\/7\/revisions\/1127"}],"wp:attachment":[{"href":"https:\/\/www.gzhkt.de\/index.php?rest_route=%2Fwp%2Fv2%2Fmedia&parent=7"}],"curies":[{"name":"wp","href":"https:\/\/api.w.org\/{rel}","templated":true}]}}