{"id":35,"date":"2015-02-02T15:07:12","date_gmt":"2015-02-02T15:07:12","guid":{"rendered":"http:\/\/www.gzhkt.de\/wordpress\/?page_id=35"},"modified":"2019-08-09T08:00:58","modified_gmt":"2019-08-09T08:00:58","slug":"impressum","status":"publish","type":"page","link":"https:\/\/www.gzhkt.de\/?page_id=35","title":{"rendered":"Impressum"},"content":{"rendered":"<p><b>Geistliches Zentrum Kloster Heiligkreuztal <\/b><br \/>\nAm M\u00fcnster 10<br \/>\nD-88499 Heiligkreuztal<\/p>\n<p>Telefon<b>:<\/b> 07371 \/ 184776<br \/>\nTelefax<b>:<\/b> 07371 \/ 184775<br \/>\nEMail<b>:<\/b>\u00a0info@gzhkt.de<\/p>\n<p class=\"bodytext\">Inhaltlich verantwortlich f\u00fcr den redaktionellen Teil nach \u00a755 II RStV:<br \/>\nPfarrer Msgr. Heinrich-Maria Burkard<br \/>\nEMail:\u00a0hmburkard@gzhkt.de<\/p>\n<h1>Disclaimer \u2013 rechtliche Hinweise<\/h1>\n<p><strong>1. Haftungsbeschr\u00e4nkung<\/strong><\/p>\n<p>Die Inhalte des Internetauftritts wurden mit gr\u00f6\u00dftm\u00f6glicher Sorgfalt und nach bestem Gewissen erstellt. Dennoch \u00fcbernimmt der Anbieter dieser Webseite keine Gew\u00e4hr f\u00fcr die Aktualit\u00e4t, Vollst\u00e4ndigkeit und Richtigkeit der bereitgestellten Seiten und Inhalte.<\/p>\n<p>Als Diensteanbieter ist der Anbieter dieser Webseite gem\u00e4\u00df \u00a7 7 Abs. 1 TMG f\u00fcr eigene Inhalte und bereitgestellte Informationen auf diesen Seiten nach den allgemeinen Gesetzen verantwortlich; nach den \u00a7\u00a7 8 bis 10 TMG jedoch nicht verpflichtet, die \u00fcbermittelten oder gespeicherten fremden Informationen zu \u00fcberwachen. Eine Entfernung oder Sperrung dieser Inhalte erfolgt umgehend ab dem Zeitpunkt der Kenntnis einer konkreten Rechtsverletzung. Eine Haftung ist erst ab dem Zeitpunkt der Kenntniserlangung m\u00f6glich.<\/p>\n<p><strong>2. Externe Links<\/strong><\/p>\n<p>Die Webseite enth\u00e4lt sog. \u201eexterne Links\u201c (Verlinkungen) zu anderen Webseiten, auf deren Inhalt der Anbieter der Webseite keinen Einfluss hat. Aus diesem Grund kann der Anbieter f\u00fcr diese Inhalte auch keine Gew\u00e4hr \u00fcbernehmen.<\/p>\n<p>F\u00fcr die Inhalte und Richtigkeit der bereitgestellten Informationen ist der jeweilige Anbieter der verlinkten Webseite verantwortlich. Zum Zeitpunkt der Verlinkung waren keine Rechtsverst\u00f6\u00dfe erkennbar. Bei Bekanntwerden einer solchen Rechtsverletzung wird der Link umgehend entfernen.<\/p>\n<p><strong>3. Urheberrecht\/Leistungsschutzrecht<\/strong><\/p>\n<p>Die auf dieser Webseite ver\u00f6ffentlichten Inhalte, Werke und bereitgestellten Informationen unterliegen dem deutschen Urheberrecht und Leistungsschutzrecht. Jede Art der Vervielf\u00e4ltigung, Bearbeitung, Verbreitung, Einspeicherung und jede Art der Verwertung au\u00dferhalb der Grenzen des Urheberrechts bedarf der vorherigen schriftlichen Zustimmung des jeweiligen Rechteinhabers. Das unerlaubte Kopieren\/Speichern der bereitgestellten Informationen auf diesen Webseiten ist nicht gestattet und strafbar.<\/p>\n<p><strong>4. Datenschutz<\/strong><\/p>\n<p>Durch den Besuch des Internetauftritts k\u00f6nnen Informationen (Datum, Uhrzeit, aufgerufene Seite) \u00fcber den Zugriff auf dem Server gespeichert werden. Es werden keine personenbezogenenen (z. B. Name, Anschrift oder E-Mail-Adresse) Daten, gespeichert.<\/p>\n<p>Sofern personenbezogene Daten erhoben werden, erfolgt dies, sofern m\u00f6glich, nur mit dem vorherigen Einverst\u00e4ndnis des Nutzers der Webseite. Eine Weitergabe der Daten an Dritte findet ohne ausdr\u00fcckliche Zustimmung des Nutzers nicht statt.<\/p>\n<p>Eine Vervielf\u00e4ltigung oder Verwendung urheberrechtlich gesch\u00fctzten Materials dieser Seiten oder Teilen davon in anderen elektronischen oder gedruckten Publikationen und deren Ver\u00f6ffentlichung ist f\u00fcr nichtkirchliche Einrichtungen und bei Verwendung mit kommerziellen Zwecken\u00a0nur mit Einwilligung des Webseitenbetreibers gestattet.<\/p>\n<p>Der Anbieter weist darauf hin, dass die \u00dcbertragung von Daten im Internet (z. B. per E-Mail) Sicherheitsl\u00fccken aufweisen und ein l\u00fcckenloser Schutz der Daten vor dem Zugriff Dritter nicht gew\u00e4hrleistet werden kann. Der Anbieter \u00fcbernimmt keine Haftung f\u00fcr die durch solche Sicherheitsl\u00fccken entstandenen Sch\u00e4den.<\/p>\n<p>Der Verwendung der Kontaktdaten durch Dritte zur gewerblichen Nutzung wird ausdr\u00fccklich widersprochen. Es sei denn, der Anbieter hat zuvor seine schriftliche Einwilligung erteilt.<\/p>\n<p>Der Anbieter beh\u00e4lt sich rechtliche Schritte f\u00fcr den Fall der unverlangten Zusendung von Werbeinformationen, z. B. durch Spam-Mails, vor.<\/p>\n","protected":false},"excerpt":{"rendered":"<p>Geistliches Zentrum Kloster Heiligkreuztal Am M\u00fcnster 10 D-88499 Heiligkreuztal Telefon: 07371 \/ 184776 Telefax: 07371 \/ 184775 EMail:\u00a0info@gzhkt.de Inhaltlich verantwortlich f\u00fcr den redaktionellen Teil nach \u00a755 II RStV: Pfarrer Msgr. Heinrich-Maria Burkard EMail:\u00a0hmburkard@gzhkt.de Disclaimer \u2013 rechtliche Hinweise 1. Haftungsbeschr\u00e4nkung Die Inhalte des Internetauftritts wurden mit gr\u00f6\u00dftm\u00f6glicher Sorgfalt und nach bestem Gewissen erstellt. Dennoch \u00fcbernimmt der &hellip; <a href=\"https:\/\/www.gzhkt.de\/?page_id=35\" class=\"more-link\"><span class=\"screen-reader-text\">Impressum<\/span> weiterlesen<\/a><\/p>\n","protected":false},"author":1063,"featured_media":0,"parent":0,"menu_order":0,"comment_status":"closed","ping_status":"open","template":"","meta":{"footnotes":""},"class_list":["post-35","page","type-page","status-publish","hentry"],"_links":{"self":[{"href":"https:\/\/www.gzhkt.de\/index.php?rest_route=\/wp\/v2\/pages\/35","targetHints":{"allow":["GET"]}}],"collection":[{"href":"https:\/\/www.gzhkt.de\/index.php?rest_route=\/wp\/v2\/pages"}],"about":[{"href":"https:\/\/www.gzhkt.de\/index.php?rest_route=\/wp\/v2\/types\/page"}],"author":[{"embeddable":true,"href":"https:\/\/www.gzhkt.de\/index.php?rest_route=\/wp\/v2\/users\/1063"}],"replies":[{"embeddable":true,"href":"https:\/\/www.gzhkt.de\/index.php?rest_route=%2Fwp%2Fv2%2Fcomments&post=35"}],"version-history":[{"count":4,"href":"https:\/\/www.gzhkt.de\/index.php?rest_route=\/wp\/v2\/pages\/35\/revisions"}],"predecessor-version":[{"id":340,"href":"https:\/\/www.gzhkt.de\/index.php?rest_route=\/wp\/v2\/pages\/35\/revisions\/340"}],"wp:attachment":[{"href":"https:\/\/www.gzhkt.de\/index.php?rest_route=%2Fwp%2Fv2%2Fmedia&parent=35"}],"curies":[{"name":"wp","href":"https:\/\/api.w.org\/{rel}","templated":true}]}}