{"id":30,"date":"2015-02-02T15:03:45","date_gmt":"2015-02-02T15:03:45","guid":{"rendered":"http:\/\/www.gzhkt.de\/wordpress\/?page_id=30"},"modified":"2023-03-01T11:05:35","modified_gmt":"2023-03-01T10:05:35","slug":"kontakt-anfahrt","status":"publish","type":"page","link":"https:\/\/www.gzhkt.de\/?page_id=30","title":{"rendered":"Kontakt \/ Anfahrt"},"content":{"rendered":"\t\t\t<link rel=\"stylesheet\" property=\"stylesheet\" href=\"https:\/\/www.gzhkt.de\/wordpress\/wp-content\/plugins\/happyforms\/bundles\/css\/frontend.css\" \/>\n\t\t\t\t<!-- HappyForms CSS variables -->\n\t<style>\n\t#happyforms-642 {\n\t\t--happyforms-part-title-font-size: 16px;\n--happyforms-part-description-font-size: 12px;\n--happyforms-part-value-font-size: 16px;\n--happyforms-submit-button-font-size: 16px;\n--happyforms-color-primary: #000000;\n--happyforms-color-success-notice: #ebf9f0;\n--happyforms-color-success-notice-text: #1eb452;\n--happyforms-color-error: #f23000;\n--happyforms-color-error-notice: #ffeeea;\n--happyforms-color-error-notice-text: #f23000;\n--happyforms-color-part-title: #000000;\n--happyforms-color-part-value: #000000;\n--happyforms-color-part-placeholder: #888888;\n--happyforms-color-part-description: #454545;\n--happyforms-color-part-border: #dbdbdb;\n--happyforms-color-part-border-focus: #7aa4ff;\n--happyforms-color-part-background: #ffffff;\n--happyforms-color-part-background-focus: #ffffff;\n--happyforms-color-submit-background: #000000;\n--happyforms-color-submit-background-hover: #000000;\n--happyforms-color-submit-border: transparent;\n--happyforms-color-submit-text: #ffffff;\n--happyforms-color-submit-text-hover: #ffffff;\n--happyforms-color-table-row-odd: #fcfcfc;\n--happyforms-color-table-row-even: #efefef;\n--happyforms-color-table-row-odd-text: #000000;\n--happyforms-color-table-row-even-text: #000000;\n--happyforms-color-dropdown-item-bg: #ffffff;\n--happyforms-color-dropdown-item-text: #000000;\n--happyforms-color-dropdown-item-bg-hover: #f4f4f5;\n--happyforms-color-dropdown-item-text-hover: #000000;\n--happyforms-color-divider-hr: #cccccc;\n--happyforms-color-choice-checkmark-bg: #ffffff;\n--happyforms-color-choice-checkmark-bg-focus: #000000;\n--happyforms-color-choice-checkmark-color: #ffffff;\n\t}\n\t<\/style>\n\t<!-- End of HappyForms CSS variables -->\n\t\t<!-- HappyForms Additional CSS -->\n\t<style data-happyforms-additional-css>\n\t\t<\/style>\n\t<!-- End of HappyForms Additional CSS -->\n\t\t\t<link rel=\"stylesheet\" type=\"text\/css\" href=\"https:\/\/www.gzhkt.de\/wordpress\/wp-content\/plugins\/happyforms\/core\/assets\/css\/no-interaction.css\">\n\t\t<div class=\"happyforms-form happyforms-styles\" id=\"happyforms-642\">\n\t\t\n\t<form action=\"\" id=\"happyforms-form-642\" method=\"post\" novalidate=\"true\" autocomplete=\"off\">\n\t\t\t\t<input type=\"hidden\" name=\"happyforms_random_seed\" value=\"746579505\" \/>\n\t\t\n\t\t\t<input type=\"hidden\" name=\"action\" value=\"happyforms_message\">\n\t\t\t\t<input type=\"hidden\" name=\"client_referer\" value=\"\">\n\t\t\t\t<input type=\"hidden\" name=\"current_post_id\" value=\"\">\n\t\t\t\t<input type=\"hidden\" name=\"happyforms_form_id\" value=\"642\" \/>\n\t\t\t\t<input type=\"hidden\" name=\"happyforms_step\" value=\"0\" \/>\n\t\n\t\t<div class=\"happyforms-flex\">\n\t\t\t\t<label for=\"642-single_line_text\" class=\"screen-reader-text\">Lass dieses Feld leer<\/label>\n\t<input type=\"text\" id=\"642-single_line_text\" name=\"642-single_line_text\" style=\"display: none;\" tabindex=\"-1\" autocomplete=\"off\" aria-hidden=\"true\">\n\t\t\t\t\t\t\t\t\t\t<div class=\"happyforms-form__part happyforms-part happyforms-part--single_line_text happyforms-part--width-full happyforms-part--label-show\" id=\"happyforms-642_single_line_text_0-part\" data-happyforms-type=\"single_line_text\" data-happyforms-id=\"single_line_text_0\" data-happyforms-required=\"\">\n\t<div class=\"happyforms-part-wrap\">\n\t\t\n\t\t\t\t\t\t<div class=\"happyforms-part__label-container\">\n\t\t\t\t<label for=\"happyforms-642_single_line_text_0\" class=\"happyforms-part__label\">\n\t\t\t<span class=\"label\">Name<\/span>\n\t\t\t\t\t\t\t\t\t\t<span class=\"happyforms-required\"><\/span>\n\t\t\t\t\t\t\t\t\t\t<span class=\"happyforms-optional\">(optional)<\/span>\n\t\t\t\t\t<\/label>\n\t\t\t<\/div>\n\t\t\t\n\t\t\n\t\t<div class=\"happyforms-part__el\">\n\t\t\t\n\t\t\t\n\t\t\t<div class=\"happyforms-input\">\n\t\t\t\t\n\t\t\t\t<input id=\"happyforms-642_single_line_text_0\" type=\"text\" name=\"642_single_line_text_0\" value=\"\" placeholder=\"\" autocomplete=\"off\" spellcheck=\"false\"  autocorrect=\"off\" \/>\n\t\t\t\t\t\t\t<\/div>\n\n\t\t\t\n\t\t\t\n\t\t\t\t\t<\/div>\n\t<\/div>\n<\/div>\n<div class=\"happyforms-part--with-autocomplete happyforms-form__part happyforms-part happyforms-part--email happyforms-part--width-full happyforms-part--label-show\" id=\"happyforms-642_email_2-part\" data-happyforms-type=\"email\" data-happyforms-id=\"email_2\" data-happyforms-required=\"\">\n\t\t<div class=\"happyforms-part-wrap\">\n\t\t\t\t\t\t<div class=\"happyforms-part__label-container\">\n\t\t\t\t<label for=\"happyforms-642_email_2\" class=\"happyforms-part__label\">\n\t\t\t<span class=\"label\">E-Mail-Adresse<\/span>\n\t\t\t\t\t\t\t\t\t\t<span class=\"happyforms-required\"><\/span>\n\t\t\t\t\t\t\t\t\t\t<span class=\"happyforms-optional\">(optional)<\/span>\n\t\t\t\t\t<\/label>\n\t\t\t<\/div>\n\t\t\t\n\t\t\n\t\t<div class=\"happyforms-part__el\">\n\t\t\t\n\t\t\t\n\t\t\t<div class=\"happyforms-input\">\n\t\t\t\t<input type=\"email\" name=\"642_email_2\" id=\"happyforms-642_email_2\" value=\"\" placeholder=\"\" autocomplete=\"off\" spellcheck=\"false\"  autocorrect=\"off\" \/>\n\t\t\t\t\t\t\t<\/div>\n\n\t\t\t\n\t\t\t\n\t\t\t\t\t<\/div>\n\t<\/div>\n<\/div>\n<div class=\"happyforms-form__part happyforms-part happyforms-part--multi_line_text happyforms-part--width-full happyforms-part--label-show\" id=\"happyforms-642_multi_line_text_3-part\" data-happyforms-type=\"multi_line_text\" data-happyforms-id=\"multi_line_text_3\" data-happyforms-required=\"\">\n\t<div class=\"happyforms-part-wrap\">\n\t\t\t\t\t\t<div class=\"happyforms-part__label-container\">\n\t\t\t\t<label for=\"happyforms-642_multi_line_text_3\" class=\"happyforms-part__label\">\n\t\t\t<span class=\"label\">Ihre Nachricht<\/span>\n\t\t\t\t\t\t\t\t\t\t<span class=\"happyforms-required\"><\/span>\n\t\t\t\t\t\t\t\t\t\t<span class=\"happyforms-optional\">(optional)<\/span>\n\t\t\t\t\t<\/label>\n\t\t\t<\/div>\n\t\t\t\n\t\t\n\t\t<div class=\"happyforms-part__el\">\n\t\t\t\n\t\t\t\t\t\t<textarea id=\"happyforms-642_multi_line_text_3\" name=\"642_multi_line_text_3\" rows=\"5\" placeholder=\"\" autocomplete=\"off\" spellcheck=\"false\" autocorrect=\"off\" ><\/textarea>\n\t\t\t\n\t\t\t\n\t\t\t\t\t<\/div>\n\t<\/div>\n<\/div>\n\t\t\t\t\t\t<div class=\"happyforms-form__part happyforms-part happyforms-part--submit\">\n\t\t<button type=\"submit\" class=\"happyforms-submit happyforms-button--submit \">Absenden<\/button>\n\t<\/div>\t\t<\/div>\n\n\t\t\t<\/form>\n\n\t<\/div>\n\n<h2>Anfahrt<\/h2>\n<p><span class=\"bg-h1\">Sie erreichen das Geistliche Zentrum<\/span><\/p>\n<ul>\n<li><b>mit dem Pkw<\/b><br \/>\n<span style=\"color: #0000ff;\">\u00fcber Riedlingen<\/span> &#8211; Altheim &#8211; Andelfingen,<br \/>\n<span style=\"color: #0000ff;\">\u00fcber Sigmaringen<\/span> &#8211; Bingen &#8211; Langenenslingen &#8211; Andelfingen<br \/>\n<span style=\"color: #0000ff;\">\u00fcber Bad Saulgau<\/span> &#8211; Herbertingen &#8211; Ertingen &#8211; Binzwangen<\/li>\n<\/ul>\n<ul>\n<li><b>mit der <b>Bahn<\/b><\/b><br \/>\naus dem Norden, \u00fcber Ulm kommend:<br \/>\nbis zur Bahnstation Riedlingen, von dort weiter mit Taxi oder Bus.<br \/>\naus dem S\u00fcden, \u00fcber Aulendorf kommend:<br \/>\nbis zur Bahnstation Herbertingen, von dort weiter mit Taxi.<\/li>\n<\/ul>\n<p><!--DMAILER_SECTION_BOUNDARY_END--><\/p>\n<div class=\"container-640-300-right\"><!--DMAILER_SECTION_BOUNDARY_--><\/p>\n<div id=\"c34\" class=\"csc-default\">\n<div class=\"csc-textpic csc-textpic-intext-left-nowrap\">\n<div class=\"csc-textpic-imagewrap csc-textpic-single-image\"><\/div>\n<div>\n<div class=\"csc-textpic-text\">\n<div class=\"csc-textpicHeader csc-textpicHeader-26\">\n<h1 class=\"csc-firstHeader\"><span class=\"bg-h1\">Anschrift<\/span><\/h1>\n<\/div>\n<p class=\"bodytext\"><b>Geistliches Zentrum Kloster Heiligkreuztal <\/b><br \/>\nAm M\u00fcnster 10<br \/>\nD-88499 Heiligkreuztal<\/p>\n<p class=\"bodytext\"><b>T<\/b> 07371 \/ 184776 oder 07371 &#8211; 184774<br \/>\n<b>F<\/b>\u00a0 07371 \/ 184775<\/p>\n<\/div>\n<\/div>\n<\/div>\n<\/div>\n<\/div>\n<p><iframe loading=\"lazy\" style=\"border: 0px currentColor;\" src=\"https:\/\/www.google.com\/maps\/embed?pb=!1m18!1m12!1m3!1d2662.6234901926423!2d9.403932187878658!3d48.13678386752393!2m3!1f0!2f0!3f0!3m2!1i1024!2i768!4f13.1!3m3!1m2!1s0x0000000000000000%3A0x45ed266823d85ac6!2sGeistliches+Zentrum!5e0!3m2!1sde!2sde!4v1422955128411\" width=\"700\" height=\"400\" frameborder=\"1\"><\/iframe><\/p>\n","protected":false},"excerpt":{"rendered":"<p>Anfahrt Sie erreichen das Geistliche Zentrum mit dem Pkw \u00fcber Riedlingen &#8211; Altheim &#8211; Andelfingen, \u00fcber Sigmaringen &#8211; Bingen &#8211; Langenenslingen &#8211; Andelfingen \u00fcber Bad Saulgau &#8211; Herbertingen &#8211; Ertingen &#8211; Binzwangen mit der Bahn aus dem Norden, \u00fcber Ulm kommend: bis zur Bahnstation Riedlingen, von dort weiter mit Taxi oder Bus. aus dem S\u00fcden, &hellip; <a href=\"https:\/\/www.gzhkt.de\/?page_id=30\" class=\"more-link\"><span class=\"screen-reader-text\">Kontakt \/ Anfahrt<\/span> weiterlesen<\/a><\/p>\n","protected":false},"author":1063,"featured_media":0,"parent":0,"menu_order":0,"comment_status":"closed","ping_status":"closed","template":"","meta":{"footnotes":""},"class_list":["post-30","page","type-page","status-publish","hentry"],"_links":{"self":[{"href":"https:\/\/www.gzhkt.de\/index.php?rest_route=\/wp\/v2\/pages\/30","targetHints":{"allow":["GET"]}}],"collection":[{"href":"https:\/\/www.gzhkt.de\/index.php?rest_route=\/wp\/v2\/pages"}],"about":[{"href":"https:\/\/www.gzhkt.de\/index.php?rest_route=\/wp\/v2\/types\/page"}],"author":[{"embeddable":true,"href":"https:\/\/www.gzhkt.de\/index.php?rest_route=\/wp\/v2\/users\/1063"}],"replies":[{"embeddable":true,"href":"https:\/\/www.gzhkt.de\/index.php?rest_route=%2Fwp%2Fv2%2Fcomments&post=30"}],"version-history":[{"count":9,"href":"https:\/\/www.gzhkt.de\/index.php?rest_route=\/wp\/v2\/pages\/30\/revisions"}],"predecessor-version":[{"id":643,"href":"https:\/\/www.gzhkt.de\/index.php?rest_route=\/wp\/v2\/pages\/30\/revisions\/643"}],"wp:attachment":[{"href":"https:\/\/www.gzhkt.de\/index.php?rest_route=%2Fwp%2Fv2%2Fmedia&parent=30"}],"curies":[{"name":"wp","href":"https:\/\/api.w.org\/{rel}","templated":true}]}}