{"id":27,"date":"2015-02-02T15:03:04","date_gmt":"2015-02-02T15:03:04","guid":{"rendered":"http:\/\/www.gzhkt.de\/wordpress\/?page_id=27"},"modified":"2025-12-20T22:12:43","modified_gmt":"2025-12-20T21:12:43","slug":"links","status":"publish","type":"page","link":"https:\/\/www.gzhkt.de\/?page_id=27","title":{"rendered":"Links"},"content":{"rendered":"<p><span style=\"color: #333399;\">Links der verschiedenen Einrichtungen im Kloster Heiligkreuztal:<\/span><\/p>\n<p><a title=\"Homepage der Frommen Josefs Vereinigung\" href=\"https:\/\/josefs-wallfahrt.de\/\" target=\"_blank\" rel=\"noopener\">Wallfahrt \/ Fromme Josefs Vereinigung<\/a><\/p>\n<p><a title=\"Homepage aller Einrichtungen im KLoster Heiligkreuztal\" href=\"http:\/\/Kloster-Heiligkreuztal.com\">Homepage\u00a0aller Einrichtungen im Kloster Heiligkreuztal<\/a><\/p>\n<p><a href=\"http:\/\/www.kloster-heiligkreuztal.de\/\" target=\"_blank\" rel=\"noopener\">Zimmer buchen im Tagungshaus Kloster Heiligkreuztal<\/a><\/p>\n<p><a href=\"http:\/\/www.stefanus.de\/\" target=\"_blank\" rel=\"noopener\">Stefanus-Gemeinschaft<\/a><\/p>\n<p><a href=\"http:\/\/www.diakonat-drs.de\" target=\"_blank\" rel=\"noopener\">Ausbildungszentrum Diakone<\/a><\/p>\n<p><a href=\"http:\/\/www.priesterseelsorge.de\" target=\"_blank\" rel=\"noopener\">Priesterseelsorge\/Seelsorge Pastorale Dienste<\/a><\/p>\n<p><a title=\"K-Punkt l\u00e4ndlicher Raum Kloster Heiligkreuztal\" href=\"https:\/\/kpunktland-drs.de\/\" target=\"_blank\" rel=\"noopener\">K-Punkt L\u00e4ndlicher Raum<\/a><\/p>\n<p><a title=\"Homepage F\u00f6rderverein Kloster Heiligkreuztal\" href=\"http:\/\/www.foerderverein-heiligkreuztal.de\/\" target=\"_blank\" rel=\"noopener\">F\u00f6rderverein Heiligkreuztal<\/a><\/p>\n<p><span style=\"color: #008080;\">weitere Links:<\/span><\/p>\n<p><a href=\"http:\/\/www.bruder-klaus-visionenweg.com\" target=\"_blank\" rel=\"noopener\">Bruder-Klaus-Visionenweg in Heiligkreuztal<\/a><\/p>\n<p><a href=\"http:\/\/www.drs.de\/startseite.html\" target=\"_blank\" rel=\"noopener\">Homepage der Di\u00f6zese Rottenburg-Stuttgart<\/a><\/p>\n<p><a href=\"http:\/\/www.priestergebet.de\" target=\"_blank\" rel=\"noopener\">Pfarrer von Ars Gebetsgemeinschaft<\/a><\/p>\n<p><a href=\"https:\/\/praedicate-evangelium.de\/\">Verein PRAEDICATE EVANGELIUM<\/a><\/p>\n","protected":false},"excerpt":{"rendered":"<p>Links der verschiedenen Einrichtungen im Kloster Heiligkreuztal: Wallfahrt \/ Fromme Josefs Vereinigung Homepage\u00a0aller Einrichtungen im Kloster Heiligkreuztal Zimmer buchen im Tagungshaus Kloster Heiligkreuztal Stefanus-Gemeinschaft Ausbildungszentrum Diakone Priesterseelsorge\/Seelsorge Pastorale Dienste K-Punkt L\u00e4ndlicher Raum F\u00f6rderverein Heiligkreuztal weitere Links: Bruder-Klaus-Visionenweg in Heiligkreuztal Homepage der Di\u00f6zese Rottenburg-Stuttgart Pfarrer von Ars Gebetsgemeinschaft Verein PRAEDICATE EVANGELIUM<\/p>\n","protected":false},"author":1063,"featured_media":0,"parent":0,"menu_order":0,"comment_status":"closed","ping_status":"closed","template":"","meta":{"footnotes":""},"class_list":["post-27","page","type-page","status-publish","hentry"],"_links":{"self":[{"href":"https:\/\/www.gzhkt.de\/index.php?rest_route=\/wp\/v2\/pages\/27","targetHints":{"allow":["GET"]}}],"collection":[{"href":"https:\/\/www.gzhkt.de\/index.php?rest_route=\/wp\/v2\/pages"}],"about":[{"href":"https:\/\/www.gzhkt.de\/index.php?rest_route=\/wp\/v2\/types\/page"}],"author":[{"embeddable":true,"href":"https:\/\/www.gzhkt.de\/index.php?rest_route=\/wp\/v2\/users\/1063"}],"replies":[{"embeddable":true,"href":"https:\/\/www.gzhkt.de\/index.php?rest_route=%2Fwp%2Fv2%2Fcomments&post=27"}],"version-history":[{"count":44,"href":"https:\/\/www.gzhkt.de\/index.php?rest_route=\/wp\/v2\/pages\/27\/revisions"}],"predecessor-version":[{"id":1238,"href":"https:\/\/www.gzhkt.de\/index.php?rest_route=\/wp\/v2\/pages\/27\/revisions\/1238"}],"wp:attachment":[{"href":"https:\/\/www.gzhkt.de\/index.php?rest_route=%2Fwp%2Fv2%2Fmedia&parent=27"}],"curies":[{"name":"wp","href":"https:\/\/api.w.org\/{rel}","templated":true}]}}